{"id":800697,"date":"2022-06-03T14:36:33","date_gmt":"2022-06-03T14:36:33","guid":{"rendered":"https:\/\/dev.eu-roots.nl\/w-mediach\/"},"modified":"2024-11-01T10:49:49","modified_gmt":"2024-11-01T10:49:49","slug":"w-mediach","status":"publish","type":"page","link":"https:\/\/dev.eu-roots.nl\/pl\/w-mediach\/","title":{"rendered":"W mediach"},"content":{"rendered":"<p>[et_pb_section fb_built=&#8221;1&#8243; admin_label=&#8221;Hoofd&#8221; _builder_version=&#8221;4.17.4&#8243; background_color=&#8221;#f7f7f7&#8243; use_background_color_gradient=&#8221;on&#8221; background_color_gradient_stops=&#8221;rgba(0,0,0,0.5) 0%|rgba(187,201,226,0.3) 99%&#8221; background_color_gradient_overlays_image=&#8221;on&#8221; background_image=&#8221;https:\/\/dev.eu-roots.nl\/wp-content\/uploads\/2024\/01\/eu-roots-patricia.jpeg&#8221; custom_margin=&#8221;||||false|false&#8221; custom_padding=&#8221;60px||60px||true|false&#8221; bottom_divider_style=&#8221;slant&#8221; bottom_divider_color=&#8221;#FFFFFF&#8221; bottom_divider_height=&#8221;50px&#8221; bottom_divider_flip=&#8221;horizontal&#8221; global_colors_info=&#8221;{}&#8221;][et_pb_row admin_label=&#8221;Section Title&#8221; _builder_version=&#8221;4.17.4&#8243; max_width=&#8221;1250px&#8221; custom_margin=&#8221;|||&#8221; custom_padding=&#8221;27px|0px|27px|0px&#8221; locked=&#8221;off&#8221; global_colors_info=&#8221;{}&#8221;][et_pb_column type=&#8221;4_4&#8243; _builder_version=&#8221;4.16&#8243; custom_padding=&#8221;|||&#8221; global_colors_info=&#8221;{}&#8221; custom_padding__hover=&#8221;|||&#8221;][et_pb_divider show_divider=&#8221;off&#8221; _builder_version=&#8221;4.16&#8243; max_width=&#8221;23px&#8221; module_alignment=&#8221;center&#8221; animation_style=&#8221;slide&#8221; animation_direction=&#8221;top&#8221; animation_intensity_slide=&#8221;20%&#8221; animation_starting_opacity=&#8221;100%&#8221; global_colors_info=&#8221;{}&#8221;][\/et_pb_divider][et_pb_text admin_label=&#8221;Title&#8221; _builder_version=&#8221;4.24.2&#8243; text_font=&#8221;Palanquin Dark|700|||||||&#8221; text_text_color=&#8221;#FFFFFF&#8221; text_font_size=&#8221;24px&#8221; text_line_height=&#8221;1.6em&#8221; link_font=&#8221;||||on|||#f46624|&#8221; link_text_color=&#8221;#333333&#8243; header_font=&#8221;||||||||&#8221; header_2_font=&#8221;Syne|900|||||||&#8221; header_2_text_align=&#8221;left&#8221; header_2_text_color=&#8221;#FFFFFF&#8221; header_2_font_size=&#8221;4vw&#8221; header_6_font=&#8221;Work Sans||||||||&#8221; header_6_text_align=&#8221;left&#8221; header_6_text_color=&#8221;#D11517&#8243; header_6_font_size=&#8221;26px&#8221; header_6_line_height=&#8221;1.7em&#8221; module_alignment=&#8221;left&#8221; custom_margin=&#8221;||40px|&#8221; custom_padding=&#8221;|||0px|false|false&#8221; animation_style=&#8221;slide&#8221; animation_direction=&#8221;bottom&#8221; animation_duration=&#8221;750ms&#8221; animation_intensity_slide=&#8221;20%&#8221; animation_starting_opacity=&#8221;30%&#8221; hover_transition_speed_curve=&#8221;ease-in&#8221; hover_enabled=&#8221;0&#8243; header_2_font_size_tablet=&#8221;4vw&#8221; header_2_font_size_phone=&#8221;28px&#8221; header_2_font_size_last_edited=&#8221;on|desktop&#8221; global_colors_info=&#8221;{}&#8221; sticky_enabled=&#8221;0&#8243;]<\/p>\n<h6>Widzia\u0142e\u015b nas?<\/h6>\n<h2 class=\"et_pb_slide_title\">W mediach<\/h2>\n<p>[\/et_pb_text][\/et_pb_column][\/et_pb_row][\/et_pb_section][et_pb_section fb_built=&#8221;1&#8243; _builder_version=&#8221;4.17.4&#8243; _module_preset=&#8221;default&#8221; background_color=&#8221;#FFFFFF&#8221; global_colors_info=&#8221;{}&#8221; custom_padding=&#8221;0px|||||&#8221;][et_pb_row admin_label=&#8221;Section Title&#8221; _builder_version=&#8221;4.17.4&#8243; max_width=&#8221;1250px&#8221; custom_margin=&#8221;|||&#8221; custom_padding=&#8221;27px|0px|27px|0px&#8221; locked=&#8221;off&#8221; global_colors_info=&#8221;{}&#8221;][et_pb_column type=&#8221;4_4&#8243; _builder_version=&#8221;4.16&#8243; custom_padding=&#8221;|||&#8221; global_colors_info=&#8221;{}&#8221; custom_padding__hover=&#8221;|||&#8221;][et_pb_divider show_divider=&#8221;off&#8221; _builder_version=&#8221;4.16&#8243; max_width=&#8221;23px&#8221; module_alignment=&#8221;center&#8221; animation_style=&#8221;slide&#8221; animation_direction=&#8221;top&#8221; animation_intensity_slide=&#8221;20%&#8221; animation_starting_opacity=&#8221;100%&#8221; global_colors_info=&#8221;{}&#8221;][\/et_pb_divider][et_pb_text admin_label=&#8221;Title&#8221; _builder_version=&#8221;4.24.2&#8243; text_font=&#8221;||||||||&#8221; header_font=&#8221;||||||||&#8221; header_2_font=&#8221;Syne|700|||||||&#8221; header_2_text_align=&#8221;left&#8221; header_2_text_color=&#8221;#162C51&#8243; header_2_font_size=&#8221;3vw&#8221; custom_margin=&#8221;||5px|&#8221; animation_style=&#8221;slide&#8221; animation_direction=&#8221;top&#8221; animation_intensity_slide=&#8221;20%&#8221; animation_starting_opacity=&#8221;100%&#8221; hover_enabled=&#8221;0&#8243; global_colors_info=&#8221;{}&#8221; sticky_enabled=&#8221;0&#8243;]<\/p>\n<h2>Znajdziesz nas w<\/h2>\n<p>[\/et_pb_text][\/et_pb_column][\/et_pb_row][et_pb_row column_structure=&#8221;1_3,1_3,1_3&#8243; use_custom_gutter=&#8221;on&#8221; gutter_width=&#8221;2&#8243; make_equal=&#8221;on&#8221; _builder_version=&#8221;4.24.2&#8243; _module_preset=&#8221;default&#8221; max_width=&#8221;1250px&#8221; hover_enabled=&#8221;0&#8243; locked=&#8221;off&#8221; global_colors_info=&#8221;{}&#8221; sticky_enabled=&#8221;0&#8243;][et_pb_column type=&#8221;1_3&#8243; _builder_version=&#8221;4.16&#8243; _module_preset=&#8221;default&#8221; hover_transition_speed_curve=&#8221;ease-in-out&#8221; border_color_all=&#8221;#c8c8c8&#8243; global_colors_info=&#8221;{}&#8221; border_width_all__hover=&#8221;0px&#8221; border_width_all__hover_enabled=&#8221;off|desktop&#8221; border_color_all__hover=&#8221;#ffffff&#8221; border_color_all__hover_enabled=&#8221;off|desktop&#8221; box_shadow_vertical__hover=&#8221;&#8221; box_shadow_vertical__hover_enabled=&#8221;on|hover&#8221; box_shadow_blur__hover=&#8221;&#8221; box_shadow_blur__hover_enabled=&#8221;on|desktop&#8221;][dmpro_hover_box content_title=&#8221;Willem II&#8221; body_text=&#8221;<\/p>\n<p>Sponsor<\/p>\n<p>&#8221; content_hover_content=&#8221;<img decoding=\"async\" src=\"%22\/wp-content\/uploads\/2024\/09\/willem-ii.png%22\" alt=\"%22Willem\" ii=\"\" style=\"%22width:\"\/>&#8221; use_content_hover_button=&#8221;on&#8221; content_hover_button_text=&#8221;Naar bijdrage&#8221; content_hover_button_link=&#8221;https:\/\/www.linkedin.com\/posts\/willem-ii-_eu-roots-uitzendbureau-sluit-aan-bij-business-activity-7124696448071254016-kYDN\/&#8221; content_hover_button_link_target=&#8221;on&#8221; content_hover_bg_color=&#8221;#FFFFFF&#8221; content_bg_color_gradient_overlays_image=&#8221;on&#8221; content_bg_color_gradient_start=&#8221;rgba(0,0,0,0)&#8221; content_bg_color_gradient_start_position=&#8221;43%&#8221; content_bg_color_gradient_end=&#8221;rgba(0,0,0,0.55)&#8221; content_bg_enable_image=&#8221;off&#8221; content_bg_position=&#8221;top_center&#8221; content_bg_blend=&#8221;multiply&#8221; content_hover_bg_color_gradient_start=&#8221;rgba(0,0,0,0)&#8221; content_hover_bg_color_gradient_end=&#8221;rgba(0,0,0,0.66)&#8221; content_hover_bg_enable_image=&#8221;off&#8221; content_hover_bg_blend=&#8221;multiply&#8221; box_height_tablet=&#8221;400px&#8221; box_height_phone=&#8221;400px&#8221; box_height_last_edited=&#8221;on|phone&#8221; _builder_version=&#8221;4.24.2&#8243; _dynamic_attributes=&#8221;link_option_url&#8221; _module_preset=&#8221;default&#8221; content_title_font=&#8221;Palanquin Dark||||||||&#8221; content_title_text_color=&#8221;#FFFFFF&#8221; content_title_font_size=&#8221;30px&#8221; content_desc_font=&#8221;Open Sans||||||||&#8221; content_desc_text_color=&#8221;#D11517&#8243; content_desc_font_size=&#8221;18px&#8221; content_hover_title_font=&#8221;Work Sans||||||||&#8221; content_hover_title_text_color=&#8221;#005693&#8243; content_hover_title_font_size=&#8221;35px&#8221; content_hover_title_line_height=&#8221;1em&#8221; content_hover_desc_font=&#8221;Open Sans|600|||||||&#8221; content_hover_desc_text_color=&#8221;#B3B2B2&#8243; content_hover_desc_font_size=&#8221;16px&#8221; content_hover_desc_line_height=&#8221;1.5em&#8221; background_image=&#8221;https:\/\/dev.eu-roots.nl\/wp-content\/uploads\/2024\/09\/1698406259934.jpeg&#8221; custom_content_hover_button=&#8221;on&#8221; content_hover_button_text_size=&#8221;18px&#8221; content_hover_button_text_color=&#8221;#162C51&#8243; content_hover_button_bg_color=&#8221;#FFFFFF&#8221; content_hover_button_border_width=&#8221;0px&#8221; content_hover_button_border_color=&#8221;RGBA(0,0,0,0)&#8221; content_hover_button_border_radius=&#8221;10px&#8221; content_hover_button_font=&#8221;Work Sans|300|||||||&#8221; content_hover_button_icon=&#8221;$||divi||400&#8243; content_hover_button_icon_color=&#8221;#FFFFFF&#8221; link_option_url=&#8221;@ET-DC@eyJkeW5hbWljIjp0cnVlLCJjb250ZW50IjoicG9zdF9saW5rX3VybF9wYWdlIiwic2V0dGluZ3MiOnsicG9zdF9pZCI6Ijc5OTMwNyJ9fQ==@&#8221; hover_enabled=&#8221;0&#8243; content_title_text_shadow_style=&#8221;preset1&#8243; border_radii=&#8221;on|15px|15px|15px|15px&#8221; border_color_all=&#8221;#9D4DC5&#8243; border_style_all=&#8221;none&#8221; box_shadow_style=&#8221;preset3&#8243; global_colors_info=&#8221;{}&#8221; content_hover_button_bg_color__hover_enabled=&#8221;on|hover&#8221; content_hover_button_bg_color__hover=&#8221;#162C51&#8243; content_hover_button_bg_enable_color__hover=&#8221;on&#8221; content_hover_button_text_color__hover_enabled=&#8221;on|desktop&#8221; content_hover_button_text_color__hover=&#8221;#FFFFFF&#8221; title_text=&#8221;1698406259934&#8243; background_position=&#8221;center_right&#8221; background_horizontal_offset=&#8221;0%&#8221; sticky_enabled=&#8221;0&#8243;][\/dmpro_hover_box][\/et_pb_column][et_pb_column type=&#8221;1_3&#8243; _builder_version=&#8221;4.16&#8243; _module_preset=&#8221;default&#8221; hover_transition_speed_curve=&#8221;ease-in-out&#8221; border_color_all=&#8221;#c8c8c8&#8243; global_colors_info=&#8221;{}&#8221; border_width_all__hover_enabled=&#8221;off|desktop&#8221; box_shadow_blur__hover_enabled=&#8221;on|desktop&#8221; box_shadow_blur__hover=&#8221;&#8221; box_shadow_vertical__hover_enabled=&#8221;on|hover&#8221; box_shadow_vertical__hover=&#8221;&#8221; border_color_all__hover_enabled=&#8221;off|hover&#8221;][dmpro_hover_box content_title=&#8221;Regio Business&#8221; body_text=&#8221;<\/p>\n<p>Artikel<\/p>\n<p>&#8221; content_hover_content=&#8221;<img decoding=\"async\" src=\"%22\/wp-content\/uploads\/2024\/01\/regio-business.png%22\" alt=\"%22Willem\" ii=\"\" style=\"%22width:\"\/>&#8221; use_content_hover_button=&#8221;on&#8221; content_hover_button_text=&#8221;Naar bijdrage&#8221; content_hover_button_link=&#8221;https:\/\/www.linkedin.com\/posts\/willem-ii-_eu-roots-uitzendbureau-sluit-aan-bij-business-activity-7124696448071254016-kYDN\/&#8221; content_hover_button_link_target=&#8221;on&#8221; content_hover_bg_color=&#8221;#FFFFFF&#8221; content_bg_color_gradient_overlays_image=&#8221;on&#8221; content_bg_color_gradient_start=&#8221;rgba(0,0,0,0)&#8221; content_bg_color_gradient_start_position=&#8221;43%&#8221; content_bg_color_gradient_end=&#8221;rgba(0,0,0,0.55)&#8221; content_bg_enable_image=&#8221;off&#8221; content_bg_position=&#8221;top_center&#8221; content_bg_blend=&#8221;multiply&#8221; content_hover_bg_color_gradient_start=&#8221;rgba(0,0,0,0)&#8221; content_hover_bg_color_gradient_end=&#8221;rgba(0,0,0,0.66)&#8221; content_hover_bg_enable_image=&#8221;off&#8221; content_hover_bg_blend=&#8221;multiply&#8221; box_height_tablet=&#8221;400px&#8221; box_height_phone=&#8221;400px&#8221; box_height_last_edited=&#8221;on|phone&#8221; _builder_version=&#8221;4.17.4&#8243; _dynamic_attributes=&#8221;link_option_url&#8221; _module_preset=&#8221;default&#8221; content_title_font=&#8221;Palanquin Dark||||||||&#8221; content_title_text_color=&#8221;#FFFFFF&#8221; content_title_font_size=&#8221;30px&#8221; content_desc_font=&#8221;Open Sans||||||||&#8221; content_desc_text_color=&#8221;#D11517&#8243; content_desc_font_size=&#8221;18px&#8221; content_hover_title_font=&#8221;Work Sans||||||||&#8221; content_hover_title_text_color=&#8221;#005693&#8243; content_hover_title_font_size=&#8221;35px&#8221; content_hover_title_line_height=&#8221;1em&#8221; content_hover_desc_font=&#8221;Open Sans|600|||||||&#8221; content_hover_desc_text_color=&#8221;#B3B2B2&#8243; content_hover_desc_font_size=&#8221;16px&#8221; content_hover_desc_line_height=&#8221;1.5em&#8221; background_image=&#8221;https:\/\/dev.eu-roots.nl\/wp-content\/uploads\/2024\/01\/20230719_RB-EUroots_Fotografie-Jules-van-Iperen_005-scaled.jpg&#8221; custom_content_hover_button=&#8221;on&#8221; content_hover_button_text_size=&#8221;18px&#8221; content_hover_button_text_color=&#8221;#162C51&#8243; content_hover_button_bg_color=&#8221;#FFFFFF&#8221; content_hover_button_border_width=&#8221;0px&#8221; content_hover_button_border_color=&#8221;RGBA(0,0,0,0)&#8221; content_hover_button_border_radius=&#8221;10px&#8221; content_hover_button_font=&#8221;Work Sans|300|||||||&#8221; content_hover_button_icon=&#8221;$||divi||400&#8243; content_hover_button_icon_color=&#8221;#FFFFFF&#8221; link_option_url=&#8221;@ET-DC@eyJkeW5hbWljIjp0cnVlLCJjb250ZW50IjoicG9zdF9saW5rX3VybF9wYWdlIiwic2V0dGluZ3MiOnsicG9zdF9pZCI6Ijc5OTMwNyJ9fQ==@&#8221; content_title_text_shadow_style=&#8221;preset1&#8243; border_radii=&#8221;on|15px|15px|15px|15px&#8221; border_color_all=&#8221;#9D4DC5&#8243; border_style_all=&#8221;none&#8221; box_shadow_style=&#8221;preset3&#8243; global_colors_info=&#8221;{}&#8221; content_hover_button_bg_color__hover_enabled=&#8221;on|hover&#8221; content_hover_button_bg_color__hover=&#8221;#162C51&#8243; content_hover_button_bg_enable_color__hover=&#8221;on&#8221; content_hover_button_text_color__hover_enabled=&#8221;on|desktop&#8221; content_hover_button_text_color__hover=&#8221;#FFFFFF&#8221;][\/dmpro_hover_box][\/et_pb_column][et_pb_column type=&#8221;1_3&#8243; _builder_version=&#8221;4.16&#8243; _module_preset=&#8221;default&#8221; hover_transition_speed_curve=&#8221;ease-in-out&#8221; border_color_all=&#8221;#c8c8c8&#8243; global_colors_info=&#8221;{}&#8221; border_width_all__hover_enabled=&#8221;off|desktop&#8221; box_shadow_blur__hover_enabled=&#8221;on|desktop&#8221; box_shadow_blur__hover=&#8221;&#8221; box_shadow_vertical__hover_enabled=&#8221;on|hover&#8221; box_shadow_vertical__hover=&#8221;&#8221; border_color_all__hover_enabled=&#8221;off|hover&#8221;][dmpro_hover_box content_title=&#8221;Regio Business&#8221; body_text=&#8221;<\/p>\n<p>Artikel<\/p>\n<p>&#8221; content_hover_content=&#8221;<img decoding=\"async\" src=\"%22\/wp-content\/uploads\/2024\/01\/regio-business.png%22\" alt=\"%22Willem\" ii=\"\" style=\"%22width:\"\/>&#8221; use_content_hover_button=&#8221;on&#8221; content_hover_button_text=&#8221;Naar bijdrage&#8221; content_hover_button_link=&#8221;https:\/\/www.linkedin.com\/posts\/willem-ii-_eu-roots-uitzendbureau-sluit-aan-bij-business-activity-7124696448071254016-kYDN\/&#8221; content_hover_button_link_target=&#8221;on&#8221; content_hover_bg_color=&#8221;#FFFFFF&#8221; content_bg_color_gradient_overlays_image=&#8221;on&#8221; content_bg_color_gradient_start=&#8221;rgba(0,0,0,0)&#8221; content_bg_color_gradient_start_position=&#8221;43%&#8221; content_bg_color_gradient_end=&#8221;rgba(0,0,0,0.55)&#8221; content_bg_enable_image=&#8221;off&#8221; content_bg_position=&#8221;top_center&#8221; content_bg_blend=&#8221;multiply&#8221; content_hover_bg_color_gradient_start=&#8221;rgba(0,0,0,0)&#8221; content_hover_bg_color_gradient_end=&#8221;rgba(0,0,0,0.66)&#8221; content_hover_bg_enable_image=&#8221;off&#8221; content_hover_bg_blend=&#8221;multiply&#8221; box_height_tablet=&#8221;400px&#8221; box_height_phone=&#8221;400px&#8221; box_height_last_edited=&#8221;on|phone&#8221; _builder_version=&#8221;4.24.2&#8243; _module_preset=&#8221;default&#8221; content_title_font=&#8221;Palanquin Dark||||||||&#8221; content_title_text_color=&#8221;#FFFFFF&#8221; content_title_font_size=&#8221;30px&#8221; content_desc_font=&#8221;Open Sans||||||||&#8221; content_desc_text_color=&#8221;#D11517&#8243; content_desc_font_size=&#8221;18px&#8221; content_hover_title_font=&#8221;Work Sans||||||||&#8221; content_hover_title_text_color=&#8221;#005693&#8243; content_hover_title_font_size=&#8221;35px&#8221; content_hover_title_line_height=&#8221;1em&#8221; content_hover_desc_font=&#8221;Open Sans|600|||||||&#8221; content_hover_desc_text_color=&#8221;#B3B2B2&#8243; content_hover_desc_font_size=&#8221;16px&#8221; content_hover_desc_line_height=&#8221;1.5em&#8221; background_image=&#8221;https:\/\/dev.eu-roots.nl\/wp-content\/uploads\/2024\/09\/aea1cf65-c090-47af-8f3e-a5a725a6cfac-at800.jpg&#8221; custom_content_hover_button=&#8221;on&#8221; content_hover_button_text_size=&#8221;18px&#8221; content_hover_button_text_color=&#8221;#162C51&#8243; content_hover_button_bg_color=&#8221;#FFFFFF&#8221; content_hover_button_border_width=&#8221;0px&#8221; content_hover_button_border_color=&#8221;RGBA(0,0,0,0)&#8221; content_hover_button_border_radius=&#8221;10px&#8221; content_hover_button_font=&#8221;Work Sans|300|||||||&#8221; content_hover_button_icon=&#8221;$||divi||400&#8243; content_hover_button_icon_color=&#8221;#FFFFFF&#8221; link_option_url=&#8221;https:\/\/view.publitas.com\/regio-business\/brabants-zakenmagazine-business-editie-midden-brabant-september-oktober-2024\/page\/1&#8243; hover_enabled=&#8221;0&#8243; content_title_text_shadow_style=&#8221;preset1&#8243; border_radii=&#8221;on|15px|15px|15px|15px&#8221; border_color_all=&#8221;#9D4DC5&#8243; border_style_all=&#8221;none&#8221; box_shadow_style=&#8221;preset3&#8243; global_colors_info=&#8221;{}&#8221; content_hover_button_bg_color__hover_enabled=&#8221;on|hover&#8221; content_hover_button_bg_color__hover=&#8221;#162C51&#8243; content_hover_button_bg_enable_color__hover=&#8221;on&#8221; content_hover_button_text_color__hover_enabled=&#8221;on|desktop&#8221; content_hover_button_text_color__hover=&#8221;#FFFFFF&#8221; title_text=&#8221;aea1cf65-c090-47af-8f3e-a5a725a6cfac-at800&#8243; background_position=&#8221;top_center&#8221; sticky_enabled=&#8221;0&#8243; link_option_url_new_window=&#8221;on&#8221;][\/dmpro_hover_box][\/et_pb_column][\/et_pb_row][\/et_pb_section]<\/p>\n","protected":false},"excerpt":{"rendered":"<p>Widzia\u0142e\u015b nas? W mediachZnajdziesz nas w<div class=\"et_pb_module dmpro_hover_box dmpro_hover_box_0\">\n\t\t\t\t\n\t\t\t\t\n\t\t\t\t\n\t\t\t\t\n\t\t\t\t\n\t\t\t\t\n\t\t\t\t<div class=\"et_pb_module_inner\">\n\t\t\t\t\t<div class=\"dmpro-hover-box-container dmpro-hover-box-slide-top hover_box_align_front_center hover_box_align_back_center\" data-force_square=\"off\">\n                <div class=\"dmpro-hover-box-inner-wrapper\">\n                    <div class=\"dmpro-hover-box-content\">\n              \n              <div class=\"dmpro-hover-box-content-innner\">\n                    \n                    <div class=\"dmpro-text\">\n                        <h2 class=\"dmpro-hover-box-heading\">\n                    &#8221;Willem\n                <\/h2>\n                        <div class=\"dmpro-desc\">&#8221;Sponsor&#8221;<\/div>\n                    <\/div>\n              <\/div>\n            <\/div>\n            \n                    <div class=\"dmpro-hover-box-hover\">\n                \n                <div class=\"dmpro-hover-box-hover-innner\">\n                    \n                    <div class=\"dmpro-text\">\n                        \n                        <div class=\"dmpro-desc\">\n                    &#8221;&#8221;\n                <\/div>\n                    <\/div>\n                    \n                <\/div>\n            <\/div>\n                <\/div>\n            <\/div>\n\t\t\t\t<\/div>\n\t\t\t<\/div><\/p>\n","protected":false},"author":1,"featured_media":0,"parent":0,"menu_order":0,"comment_status":"closed","ping_status":"closed","template":"","meta":{"_et_pb_use_builder":"on","_et_pb_old_content":"","_et_gb_content_width":"","footnotes":""},"class_list":["post-800697","page","type-page","status-publish","hentry"],"yoast_head":"<!-- This site is optimized with the Yoast SEO plugin v25.1 - https:\/\/yoast.com\/wordpress\/plugins\/seo\/ -->\n<title>W mediach | EU-Roots<\/title>\n<meta name=\"description\" content=\"Czy ju\u017c nas widzieli\u015bcie? Pojawili\u015bmy si\u0119 w nast\u0119puj\u0105cych mediach!\" \/>\n<meta name=\"robots\" content=\"index, follow, max-snippet:-1, max-image-preview:large, max-video-preview:-1\" \/>\n<link rel=\"canonical\" href=\"https:\/\/dev.eu-roots.nl\/pl\/w-mediach\/\" \/>\n<meta property=\"og:locale\" content=\"pl_PL\" \/>\n<meta property=\"og:type\" content=\"article\" \/>\n<meta property=\"og:title\" content=\"W mediach | EU-Roots\" \/>\n<meta property=\"og:description\" content=\"Czy ju\u017c nas widzieli\u015bcie? Pojawili\u015bmy si\u0119 w nast\u0119puj\u0105cych mediach!\" \/>\n<meta property=\"og:url\" content=\"https:\/\/dev.eu-roots.nl\/pl\/w-mediach\/\" \/>\n<meta property=\"og:site_name\" content=\"EU-Roots\" \/>\n<meta property=\"article:modified_time\" content=\"2024-11-01T10:49:49+00:00\" \/>\n<meta name=\"twitter:card\" content=\"summary_large_image\" \/>\n<meta name=\"twitter:label1\" content=\"Szacowany czas czytania\" \/>\n\t<meta name=\"twitter:data1\" content=\"9 minut\" \/>\n<script type=\"application\/ld+json\" class=\"yoast-schema-graph\">{\"@context\":\"https:\/\/schema.org\",\"@graph\":[{\"@type\":\"WebPage\",\"@id\":\"https:\/\/dev.eu-roots.nl\/pl\/w-mediach\/\",\"url\":\"https:\/\/dev.eu-roots.nl\/pl\/w-mediach\/\",\"name\":\"W mediach | EU-Roots\",\"isPartOf\":{\"@id\":\"https:\/\/dev.eu-roots.nl\/pl\/#website\"},\"datePublished\":\"2022-06-03T14:36:33+00:00\",\"dateModified\":\"2024-11-01T10:49:49+00:00\",\"description\":\"Czy ju\u017c nas widzieli\u015bcie? Pojawili\u015bmy si\u0119 w nast\u0119puj\u0105cych mediach!\",\"breadcrumb\":{\"@id\":\"https:\/\/dev.eu-roots.nl\/pl\/w-mediach\/#breadcrumb\"},\"inLanguage\":\"pl-PL\",\"potentialAction\":[{\"@type\":\"ReadAction\",\"target\":[\"https:\/\/dev.eu-roots.nl\/pl\/w-mediach\/\"]}]},{\"@type\":\"BreadcrumbList\",\"@id\":\"https:\/\/dev.eu-roots.nl\/pl\/w-mediach\/#breadcrumb\",\"itemListElement\":[{\"@type\":\"ListItem\",\"position\":1,\"name\":\"Home\",\"item\":\"https:\/\/dev.eu-roots.nl\/pl\/\"},{\"@type\":\"ListItem\",\"position\":2,\"name\":\"W mediach\"}]},{\"@type\":\"WebSite\",\"@id\":\"https:\/\/dev.eu-roots.nl\/pl\/#website\",\"url\":\"https:\/\/dev.eu-roots.nl\/pl\/\",\"name\":\"EU-Roots\",\"description\":\"Uw partner voor flexibele krachten\",\"potentialAction\":[{\"@type\":\"SearchAction\",\"target\":{\"@type\":\"EntryPoint\",\"urlTemplate\":\"https:\/\/dev.eu-roots.nl\/pl\/?s={search_term_string}\"},\"query-input\":{\"@type\":\"PropertyValueSpecification\",\"valueRequired\":true,\"valueName\":\"search_term_string\"}}],\"inLanguage\":\"pl-PL\"}]}<\/script>\n<!-- \/ Yoast SEO plugin. -->","yoast_head_json":{"title":"W mediach | EU-Roots","description":"Czy ju\u017c nas widzieli\u015bcie? Pojawili\u015bmy si\u0119 w nast\u0119puj\u0105cych mediach!","robots":{"index":"index","follow":"follow","max-snippet":"max-snippet:-1","max-image-preview":"max-image-preview:large","max-video-preview":"max-video-preview:-1"},"canonical":"https:\/\/dev.eu-roots.nl\/pl\/w-mediach\/","og_locale":"pl_PL","og_type":"article","og_title":"W mediach | EU-Roots","og_description":"Czy ju\u017c nas widzieli\u015bcie? Pojawili\u015bmy si\u0119 w nast\u0119puj\u0105cych mediach!","og_url":"https:\/\/dev.eu-roots.nl\/pl\/w-mediach\/","og_site_name":"EU-Roots","article_modified_time":"2024-11-01T10:49:49+00:00","twitter_card":"summary_large_image","twitter_misc":{"Szacowany czas czytania":"9 minut"},"schema":{"@context":"https:\/\/schema.org","@graph":[{"@type":"WebPage","@id":"https:\/\/dev.eu-roots.nl\/pl\/w-mediach\/","url":"https:\/\/dev.eu-roots.nl\/pl\/w-mediach\/","name":"W mediach | EU-Roots","isPartOf":{"@id":"https:\/\/dev.eu-roots.nl\/pl\/#website"},"datePublished":"2022-06-03T14:36:33+00:00","dateModified":"2024-11-01T10:49:49+00:00","description":"Czy ju\u017c nas widzieli\u015bcie? Pojawili\u015bmy si\u0119 w nast\u0119puj\u0105cych mediach!","breadcrumb":{"@id":"https:\/\/dev.eu-roots.nl\/pl\/w-mediach\/#breadcrumb"},"inLanguage":"pl-PL","potentialAction":[{"@type":"ReadAction","target":["https:\/\/dev.eu-roots.nl\/pl\/w-mediach\/"]}]},{"@type":"BreadcrumbList","@id":"https:\/\/dev.eu-roots.nl\/pl\/w-mediach\/#breadcrumb","itemListElement":[{"@type":"ListItem","position":1,"name":"Home","item":"https:\/\/dev.eu-roots.nl\/pl\/"},{"@type":"ListItem","position":2,"name":"W mediach"}]},{"@type":"WebSite","@id":"https:\/\/dev.eu-roots.nl\/pl\/#website","url":"https:\/\/dev.eu-roots.nl\/pl\/","name":"EU-Roots","description":"Uw partner voor flexibele krachten","potentialAction":[{"@type":"SearchAction","target":{"@type":"EntryPoint","urlTemplate":"https:\/\/dev.eu-roots.nl\/pl\/?s={search_term_string}"},"query-input":{"@type":"PropertyValueSpecification","valueRequired":true,"valueName":"search_term_string"}}],"inLanguage":"pl-PL"}]}},"_links":{"self":[{"href":"https:\/\/dev.eu-roots.nl\/pl\/wp-json\/wp\/v2\/pages\/800697","targetHints":{"allow":["GET"]}}],"collection":[{"href":"https:\/\/dev.eu-roots.nl\/pl\/wp-json\/wp\/v2\/pages"}],"about":[{"href":"https:\/\/dev.eu-roots.nl\/pl\/wp-json\/wp\/v2\/types\/page"}],"author":[{"embeddable":true,"href":"https:\/\/dev.eu-roots.nl\/pl\/wp-json\/wp\/v2\/users\/1"}],"replies":[{"embeddable":true,"href":"https:\/\/dev.eu-roots.nl\/pl\/wp-json\/wp\/v2\/comments?post=800697"}],"version-history":[{"count":2,"href":"https:\/\/dev.eu-roots.nl\/pl\/wp-json\/wp\/v2\/pages\/800697\/revisions"}],"predecessor-version":[{"id":800699,"href":"https:\/\/dev.eu-roots.nl\/pl\/wp-json\/wp\/v2\/pages\/800697\/revisions\/800699"}],"wp:attachment":[{"href":"https:\/\/dev.eu-roots.nl\/pl\/wp-json\/wp\/v2\/media?parent=800697"}],"curies":[{"name":"wp","href":"https:\/\/api.w.org\/{rel}","templated":true}]}}