{"id":800668,"date":"2024-08-20T09:31:45","date_gmt":"2024-08-20T09:31:45","guid":{"rendered":"https:\/\/dev.eu-roots.nl\/zarejestrowac-sie\/"},"modified":"2025-04-11T12:27:13","modified_gmt":"2025-04-11T12:27:13","slug":"zarejestrowac-sie","status":"publish","type":"page","link":"https:\/\/dev.eu-roots.nl\/pl\/zarejestrowac-sie\/","title":{"rendered":"Zarejestrowa\u0107 si\u0119"},"content":{"rendered":"<p>[et_pb_section fb_built=&#8221;1&#8243; admin_label=&#8221;Hoofd&#8221; _builder_version=&#8221;4.24.2&#8243; background_color=&#8221;#B2B2B2&#8243; background_enable_image=&#8221;off&#8221; custom_margin=&#8221;||||false|false&#8221; custom_padding=&#8221;50px||50px||true|false&#8221; bottom_divider_style=&#8221;slant&#8221; bottom_divider_color=&#8221;#FFFFFF&#8221; bottom_divider_height=&#8221;50px&#8221; bottom_divider_flip=&#8221;horizontal&#8221; global_colors_info=&#8221;{}&#8221;][et_pb_row admin_label=&#8221;Section Title&#8221; _builder_version=&#8221;4.17.4&#8243; max_width=&#8221;1200px&#8221; custom_margin=&#8221;|||&#8221; custom_padding=&#8221;27px|0px|27px|0px&#8221; locked=&#8221;off&#8221; global_colors_info=&#8221;{}&#8221;][et_pb_column type=&#8221;4_4&#8243; _builder_version=&#8221;4.16&#8243; custom_padding=&#8221;|||&#8221; global_colors_info=&#8221;{}&#8221; custom_padding__hover=&#8221;|||&#8221;][et_pb_text admin_label=&#8221;Title&#8221; _builder_version=&#8221;4.24.2&#8243; text_font=&#8221;Palanquin Dark|700|||||||&#8221; text_text_color=&#8221;#FFFFFF&#8221; text_font_size=&#8221;24px&#8221; text_line_height=&#8221;1.6em&#8221; link_font=&#8221;||||on|||#f46624|&#8221; link_text_color=&#8221;#333333&#8243; header_font=&#8221;Syne|700|||||||&#8221; header_text_align=&#8221;center&#8221; header_text_color=&#8221;#FFFFFF&#8221; header_font_size=&#8221;115px&#8221; header_2_font=&#8221;Work Sans|900|||||||&#8221; header_2_text_align=&#8221;left&#8221; header_2_text_color=&#8221;#FFFFFF&#8221; header_2_font_size=&#8221;4vw&#8221; header_6_font=&#8221;Palanquin Dark|500|||||||&#8221; header_6_text_align=&#8221;left&#8221; header_6_text_color=&#8221;#FFFFFF&#8221; header_6_font_size=&#8221;26px&#8221; header_6_line_height=&#8221;1.7em&#8221; module_alignment=&#8221;left&#8221; custom_margin=&#8221;||40px|&#8221; custom_margin_tablet=&#8221;||40px|&#8221; custom_margin_phone=&#8221;||5px||false|false&#8221; custom_margin_last_edited=&#8221;on|phone&#8221; custom_padding=&#8221;||0px|0px|false|false&#8221; custom_padding_tablet=&#8221;||0px|0px|false|false&#8221; custom_padding_phone=&#8221;|0px||0px|false|true&#8221; custom_padding_last_edited=&#8221;on|phone&#8221; animation_style=&#8221;slide&#8221; animation_direction=&#8221;bottom&#8221; animation_duration=&#8221;750ms&#8221; animation_intensity_slide=&#8221;20%&#8221; animation_starting_opacity=&#8221;30%&#8221; hover_transition_speed_curve=&#8221;ease-in&#8221; header_font_size_tablet=&#8221;80px&#8221; header_font_size_phone=&#8221;50px&#8221; header_font_size_last_edited=&#8221;on|phone&#8221; header_2_font_size_tablet=&#8221;3vw&#8221; header_2_font_size_phone=&#8221;7vw&#8221; header_2_font_size_last_edited=&#8221;on|desktop&#8221; header_6_line_height_tablet=&#8221;1.7em&#8221; header_6_line_height_phone=&#8221;1em&#8221; header_6_line_height_last_edited=&#8221;on|phone&#8221; global_colors_info=&#8221;{}&#8221;]<\/p>\n<h1 class=\"et_pb_slide_title\">Zarejestrowa\u0107 si\u0119<\/h1>\n<p>[\/et_pb_text][\/et_pb_column][\/et_pb_row][et_pb_row _builder_version=&#8221;4.24.2&#8243; _module_preset=&#8221;default&#8221; background_color=&#8221;#FFFFFF&#8221; max_width=&#8221;1200px&#8221; custom_margin=&#8221;||-200px||false|false&#8221; custom_padding=&#8221;|25px||25px|false|true&#8221; border_radii=&#8221;on|15px|15px|15px|15px&#8221; box_shadow_style=&#8221;preset3&#8243; box_shadow_vertical=&#8221;10px&#8221; box_shadow_blur=&#8221;10px&#8221; global_colors_info=&#8221;{}&#8221;][et_pb_column type=&#8221;4_4&#8243; _builder_version=&#8221;4.17.4&#8243; _module_preset=&#8221;default&#8221; global_colors_info=&#8221;{}&#8221;][et_pb_code _builder_version=&#8221;4.24.2&#8243; _module_preset=&#8221;default&#8221; global_colors_info=&#8221;{}&#8221;][yy_iframe url=&#8221;https:\/\/eu-roots-werving-en-selectie.yellowyard.nl\/job-application.php?type=open&#8221;][\/et_pb_code][\/et_pb_column][\/et_pb_row][\/et_pb_section][et_pb_section fb_built=&#8221;1&#8243; admin_label=&#8221;About Section&#8221; _builder_version=&#8221;4.24.2&#8243; background_color=&#8221;#FFFFFF&#8221; custom_margin=&#8221;100px||||false|false&#8221; custom_padding=&#8221;60px||0px||false|false&#8221; bottom_divider_color=&#8221;#162C51&#8243; bottom_divider_height=&#8221;50px&#8221; bottom_divider_flip=&#8221;horizontal&#8221; global_colors_info=&#8221;{}&#8221;][et_pb_row column_structure=&#8221;1_3,2_3&#8243; admin_label=&#8221;Section Title&#8221; _builder_version=&#8221;4.24.2&#8243; max_width=&#8221;1200px&#8221; custom_margin=&#8221;|||&#8221; custom_padding=&#8221;27px|0px|27px|0px&#8221; locked=&#8221;off&#8221; global_colors_info=&#8221;{}&#8221;][et_pb_column type=&#8221;1_3&#8243; _builder_version=&#8221;4.16&#8243; custom_padding=&#8221;|||&#8221; global_colors_info=&#8221;{}&#8221; custom_padding__hover=&#8221;|||&#8221;][et_pb_image src=&#8221;https:\/\/dev.eu-roots.nl\/wp-content\/uploads\/2024\/11\/Martyna-Szyjan.png&#8221; title_text=&#8221;Martyna Szyjan&#8221; align=&#8221;center&#8221; _builder_version=&#8221;4.24.2&#8243; _module_preset=&#8221;default&#8221; hover_enabled=&#8221;0&#8243; global_colors_info=&#8221;{}&#8221; sticky_enabled=&#8221;0&#8243;][\/et_pb_image][\/et_pb_column][et_pb_column type=&#8221;2_3&#8243; _builder_version=&#8221;4.16&#8243; custom_padding=&#8221;|||&#8221; global_colors_info=&#8221;{}&#8221; custom_padding__hover=&#8221;|||&#8221;][et_pb_text admin_label=&#8221;Title&#8221; _builder_version=&#8221;4.24.2&#8243; text_font=&#8221;||||||||&#8221; header_font=&#8221;||||||||&#8221; header_2_font=&#8221;Syne|700|||||||&#8221; header_2_text_align=&#8221;left&#8221; header_2_text_color=&#8221;#162C51&#8243; header_2_font_size=&#8221;80px&#8221; header_5_font=&#8221;Work Sans|300|||||||&#8221; header_5_text_color=&#8221;#D11517&#8243; header_5_font_size=&#8221;32px&#8221; custom_margin=&#8221;||5px|&#8221; animation_style=&#8221;slide&#8221; animation_direction=&#8221;top&#8221; animation_intensity_slide=&#8221;20%&#8221; animation_starting_opacity=&#8221;100%&#8221; header_2_font_size_tablet=&#8221;60px&#8221; header_2_font_size_phone=&#8221;42px&#8221; header_2_font_size_last_edited=&#8221;on|phone&#8221; header_5_font_size_tablet=&#8221;26px&#8221; header_5_font_size_phone=&#8221;22px&#8221; header_5_font_size_last_edited=&#8221;on|phone&#8221; global_colors_info=&#8221;{}&#8221;]<\/p>\n<h2>Nie do ko\u0144ca si\u0119 uda\u0142o?<\/h2>\n<h5>Jeste\u015bmy gotowi, aby ci pom\u00f3c.<\/h5>\n<p>[\/et_pb_text][et_pb_divider show_divider=&#8221;off&#8221; _builder_version=&#8221;4.16&#8243; max_width=&#8221;23px&#8221; module_alignment=&#8221;center&#8221; animation_style=&#8221;slide&#8221; animation_direction=&#8221;top&#8221; animation_intensity_slide=&#8221;20%&#8221; animation_starting_opacity=&#8221;100%&#8221; global_colors_info=&#8221;{}&#8221;][\/et_pb_divider][et_pb_text admin_label=&#8221;Title&#8221; _builder_version=&#8221;4.24.2&#8243; text_font=&#8221;Rubik|300|||||||&#8221; text_text_color=&#8221;#162C51&#8243; text_font_size=&#8221;18px&#8221; text_line_height=&#8221;1.6em&#8221; link_font=&#8221;||||on|||#f46624|&#8221; link_text_color=&#8221;#333333&#8243; header_font=&#8221;||||||||&#8221; header_2_font=&#8221;Montserrat|600||on|||||&#8221; header_2_text_align=&#8221;center&#8221; header_2_font_size=&#8221;30px&#8221; text_orientation=&#8221;justified&#8221; module_alignment=&#8221;left&#8221; custom_margin=&#8221;||0px||false|false&#8221; animation_direction=&#8221;top&#8221; global_colors_info=&#8221;{}&#8221;]<\/p>\n<p>Od ponad 10 lat pomagamy pracownikom w \u0142\u0105czeniu si\u0119 z prac\u0105. Nasze korzenie si\u0119gaj\u0105 g\u0142\u00f3wnie <span> <\/span><strong>logistiek<\/strong>,<span> <\/span><strong>produkcji<\/strong>, <strong>technologii<\/strong><span> <\/span>i<span> <\/span><strong>sprz\u0105tania<\/strong><span> <\/span>gdzie za ka\u017cdym razem udaje nam si\u0119 znale\u017a\u0107 odpowiednich zleceniodawc\u00f3w. Co robimy inaczej? D\u0105\u017cymy do tego, aby po  <span> <\/span><strong>8 miesi\u0105cach<\/strong><span> <\/span>przej\u015b\u0107 na sta\u0142y kontrakt! <\/p>\n<p>Chcesz dowiedzie\u0107 si\u0119 wi\u0119cej? Um\u00f3w si\u0119 na niezobowi\u0105zuj\u0105ce spotkanie! <\/p>\n<p>[\/et_pb_text][\/et_pb_column][\/et_pb_row][\/et_pb_section]<\/p>\n","protected":false},"excerpt":{"rendered":"<p>Zarejestrowa\u0107 si\u0119[yy_iframe url=&#8221;https:\/\/eu-roots-werving-en-selectie.yellowyard.nl\/job-application.php?type=open&#8221;]Nie do ko\u0144ca si\u0119 uda\u0142o? Jeste\u015bmy gotowi, aby ci pom\u00f3c.Od ponad 10 lat pomagamy pracownikom w \u0142\u0105czeniu si\u0119 z prac\u0105. Nasze korzenie si\u0119gaj\u0105 g\u0142\u00f3wnie logistiek, produkcji, technologii i sprz\u0105tania gdzie za ka\u017cdym razem udaje nam si\u0119 znale\u017a\u0107 odpowiednich zleceniodawc\u00f3w. Co robimy inaczej? D\u0105\u017cymy do tego, aby po 8 miesi\u0105cach przej\u015b\u0107 na sta\u0142y kontrakt! [&hellip;]<\/p>\n","protected":false},"author":1,"featured_media":0,"parent":0,"menu_order":0,"comment_status":"closed","ping_status":"closed","template":"","meta":{"_et_pb_use_builder":"on","_et_pb_old_content":"","_et_gb_content_width":"","footnotes":""},"class_list":["post-800668","page","type-page","status-publish","hentry"],"yoast_head":"<!-- This site is optimized with the Yoast SEO plugin v25.1 - https:\/\/yoast.com\/wordpress\/plugins\/seo\/ -->\n<title>Zarejestrowa\u0107 si\u0119 - EU-Roots<\/title>\n<meta name=\"robots\" content=\"index, follow, max-snippet:-1, max-image-preview:large, max-video-preview:-1\" \/>\n<link rel=\"canonical\" href=\"https:\/\/dev.eu-roots.nl\/pl\/zarejestrowac-sie\/\" \/>\n<meta property=\"og:locale\" content=\"pl_PL\" \/>\n<meta property=\"og:type\" content=\"article\" \/>\n<meta property=\"og:title\" content=\"Zarejestrowa\u0107 si\u0119 - EU-Roots\" \/>\n<meta property=\"og:description\" content=\"Zarejestrowa\u0107 si\u0119[yy_iframe url=&quot;https:\/\/eu-roots-werving-en-selectie.yellowyard.nl\/job-application.php?type=open&quot;]Nie do ko\u0144ca si\u0119 uda\u0142o? Jeste\u015bmy gotowi, aby ci pom\u00f3c.Od ponad 10 lat pomagamy pracownikom w \u0142\u0105czeniu si\u0119 z prac\u0105. Nasze korzenie si\u0119gaj\u0105 g\u0142\u00f3wnie logistiek, produkcji, technologii i sprz\u0105tania gdzie za ka\u017cdym razem udaje nam si\u0119 znale\u017a\u0107 odpowiednich zleceniodawc\u00f3w. Co robimy inaczej? D\u0105\u017cymy do tego, aby po 8 miesi\u0105cach przej\u015b\u0107 na sta\u0142y kontrakt! [&hellip;]\" \/>\n<meta property=\"og:url\" content=\"https:\/\/dev.eu-roots.nl\/pl\/zarejestrowac-sie\/\" \/>\n<meta property=\"og:site_name\" content=\"EU-Roots\" \/>\n<meta property=\"article:modified_time\" content=\"2025-04-11T12:27:13+00:00\" \/>\n<meta name=\"twitter:card\" content=\"summary_large_image\" \/>\n<meta name=\"twitter:label1\" content=\"Szacowany czas czytania\" \/>\n\t<meta name=\"twitter:data1\" content=\"4 minuty\" \/>\n<script type=\"application\/ld+json\" class=\"yoast-schema-graph\">{\"@context\":\"https:\/\/schema.org\",\"@graph\":[{\"@type\":\"WebPage\",\"@id\":\"https:\/\/dev.eu-roots.nl\/pl\/zarejestrowac-sie\/\",\"url\":\"https:\/\/dev.eu-roots.nl\/pl\/zarejestrowac-sie\/\",\"name\":\"Zarejestrowa\u0107 si\u0119 - EU-Roots\",\"isPartOf\":{\"@id\":\"https:\/\/dev.eu-roots.nl\/pl\/#website\"},\"datePublished\":\"2024-08-20T09:31:45+00:00\",\"dateModified\":\"2025-04-11T12:27:13+00:00\",\"breadcrumb\":{\"@id\":\"https:\/\/dev.eu-roots.nl\/pl\/zarejestrowac-sie\/#breadcrumb\"},\"inLanguage\":\"pl-PL\",\"potentialAction\":[{\"@type\":\"ReadAction\",\"target\":[\"https:\/\/dev.eu-roots.nl\/pl\/zarejestrowac-sie\/\"]}]},{\"@type\":\"BreadcrumbList\",\"@id\":\"https:\/\/dev.eu-roots.nl\/pl\/zarejestrowac-sie\/#breadcrumb\",\"itemListElement\":[{\"@type\":\"ListItem\",\"position\":1,\"name\":\"Home\",\"item\":\"https:\/\/dev.eu-roots.nl\/pl\/\"},{\"@type\":\"ListItem\",\"position\":2,\"name\":\"Zarejestrowa\u0107 si\u0119\"}]},{\"@type\":\"WebSite\",\"@id\":\"https:\/\/dev.eu-roots.nl\/pl\/#website\",\"url\":\"https:\/\/dev.eu-roots.nl\/pl\/\",\"name\":\"EU-Roots\",\"description\":\"Uw partner voor flexibele krachten\",\"potentialAction\":[{\"@type\":\"SearchAction\",\"target\":{\"@type\":\"EntryPoint\",\"urlTemplate\":\"https:\/\/dev.eu-roots.nl\/pl\/?s={search_term_string}\"},\"query-input\":{\"@type\":\"PropertyValueSpecification\",\"valueRequired\":true,\"valueName\":\"search_term_string\"}}],\"inLanguage\":\"pl-PL\"}]}<\/script>\n<!-- \/ Yoast SEO plugin. -->","yoast_head_json":{"title":"Zarejestrowa\u0107 si\u0119 - EU-Roots","robots":{"index":"index","follow":"follow","max-snippet":"max-snippet:-1","max-image-preview":"max-image-preview:large","max-video-preview":"max-video-preview:-1"},"canonical":"https:\/\/dev.eu-roots.nl\/pl\/zarejestrowac-sie\/","og_locale":"pl_PL","og_type":"article","og_title":"Zarejestrowa\u0107 si\u0119 - EU-Roots","og_description":"Zarejestrowa\u0107 si\u0119[yy_iframe url=\"https:\/\/eu-roots-werving-en-selectie.yellowyard.nl\/job-application.php?type=open\"]Nie do ko\u0144ca si\u0119 uda\u0142o? Jeste\u015bmy gotowi, aby ci pom\u00f3c.Od ponad 10 lat pomagamy pracownikom w \u0142\u0105czeniu si\u0119 z prac\u0105. Nasze korzenie si\u0119gaj\u0105 g\u0142\u00f3wnie logistiek, produkcji, technologii i sprz\u0105tania gdzie za ka\u017cdym razem udaje nam si\u0119 znale\u017a\u0107 odpowiednich zleceniodawc\u00f3w. Co robimy inaczej? D\u0105\u017cymy do tego, aby po 8 miesi\u0105cach przej\u015b\u0107 na sta\u0142y kontrakt! [&hellip;]","og_url":"https:\/\/dev.eu-roots.nl\/pl\/zarejestrowac-sie\/","og_site_name":"EU-Roots","article_modified_time":"2025-04-11T12:27:13+00:00","twitter_card":"summary_large_image","twitter_misc":{"Szacowany czas czytania":"4 minuty"},"schema":{"@context":"https:\/\/schema.org","@graph":[{"@type":"WebPage","@id":"https:\/\/dev.eu-roots.nl\/pl\/zarejestrowac-sie\/","url":"https:\/\/dev.eu-roots.nl\/pl\/zarejestrowac-sie\/","name":"Zarejestrowa\u0107 si\u0119 - EU-Roots","isPartOf":{"@id":"https:\/\/dev.eu-roots.nl\/pl\/#website"},"datePublished":"2024-08-20T09:31:45+00:00","dateModified":"2025-04-11T12:27:13+00:00","breadcrumb":{"@id":"https:\/\/dev.eu-roots.nl\/pl\/zarejestrowac-sie\/#breadcrumb"},"inLanguage":"pl-PL","potentialAction":[{"@type":"ReadAction","target":["https:\/\/dev.eu-roots.nl\/pl\/zarejestrowac-sie\/"]}]},{"@type":"BreadcrumbList","@id":"https:\/\/dev.eu-roots.nl\/pl\/zarejestrowac-sie\/#breadcrumb","itemListElement":[{"@type":"ListItem","position":1,"name":"Home","item":"https:\/\/dev.eu-roots.nl\/pl\/"},{"@type":"ListItem","position":2,"name":"Zarejestrowa\u0107 si\u0119"}]},{"@type":"WebSite","@id":"https:\/\/dev.eu-roots.nl\/pl\/#website","url":"https:\/\/dev.eu-roots.nl\/pl\/","name":"EU-Roots","description":"Uw partner voor flexibele krachten","potentialAction":[{"@type":"SearchAction","target":{"@type":"EntryPoint","urlTemplate":"https:\/\/dev.eu-roots.nl\/pl\/?s={search_term_string}"},"query-input":{"@type":"PropertyValueSpecification","valueRequired":true,"valueName":"search_term_string"}}],"inLanguage":"pl-PL"}]}},"_links":{"self":[{"href":"https:\/\/dev.eu-roots.nl\/pl\/wp-json\/wp\/v2\/pages\/800668","targetHints":{"allow":["GET"]}}],"collection":[{"href":"https:\/\/dev.eu-roots.nl\/pl\/wp-json\/wp\/v2\/pages"}],"about":[{"href":"https:\/\/dev.eu-roots.nl\/pl\/wp-json\/wp\/v2\/types\/page"}],"author":[{"embeddable":true,"href":"https:\/\/dev.eu-roots.nl\/pl\/wp-json\/wp\/v2\/users\/1"}],"replies":[{"embeddable":true,"href":"https:\/\/dev.eu-roots.nl\/pl\/wp-json\/wp\/v2\/comments?post=800668"}],"version-history":[{"count":3,"href":"https:\/\/dev.eu-roots.nl\/pl\/wp-json\/wp\/v2\/pages\/800668\/revisions"}],"predecessor-version":[{"id":800997,"href":"https:\/\/dev.eu-roots.nl\/pl\/wp-json\/wp\/v2\/pages\/800668\/revisions\/800997"}],"wp:attachment":[{"href":"https:\/\/dev.eu-roots.nl\/pl\/wp-json\/wp\/v2\/media?parent=800668"}],"curies":[{"name":"wp","href":"https:\/\/api.w.org\/{rel}","templated":true}]}}