{"id":800665,"date":"2024-09-26T11:25:24","date_gmt":"2024-09-26T11:25:24","guid":{"rendered":"https:\/\/dev.eu-roots.nl\/login-of-logowanie\/"},"modified":"2024-11-01T10:42:16","modified_gmt":"2024-11-01T10:42:16","slug":"login-of-logowanie","status":"publish","type":"page","link":"https:\/\/dev.eu-roots.nl\/pl\/login-of-logowanie\/","title":{"rendered":"Login OF logowanie"},"content":{"rendered":"<p>[et_pb_section fb_built=&#8221;1&#8243; admin_label=&#8221;Hoofd&#8221; _builder_version=&#8221;4.24.2&#8243; background_color=&#8221;#f7f7f7&#8243; use_background_color_gradient=&#8221;on&#8221; background_color_gradient_direction=&#8221;45deg&#8221; background_color_gradient_stops=&#8221;#009798 17%|rgba(22,44,81,0.71) 68%|rgba(209,21,23,0.49) 99%&#8221; background_color_gradient_overlays_image=&#8221;on&#8221; background_image=&#8221;https:\/\/dev.eu-roots.nl\/wp-content\/uploads\/2024\/01\/eu-roots-patricia.jpeg&#8221; custom_margin=&#8221;||||false|false&#8221; custom_padding=&#8221;50px||180px||false|false&#8221; bottom_divider_style=&#8221;slant&#8221; bottom_divider_color=&#8221;#FFFFFF&#8221; bottom_divider_height=&#8221;50px&#8221; bottom_divider_flip=&#8221;horizontal&#8221; global_colors_info=&#8221;{}&#8221;][et_pb_row column_structure=&#8221;1_2,1_2&#8243; admin_label=&#8221;Section Title&#8221; _builder_version=&#8221;4.24.2&#8243; max_width=&#8221;1200px&#8221; custom_margin=&#8221;||25px||false|false&#8221; custom_padding=&#8221;25px|0px|25px|0px|true|false&#8221; locked=&#8221;off&#8221; global_colors_info=&#8221;{}&#8221;][et_pb_column type=&#8221;1_2&#8243; _builder_version=&#8221;4.16&#8243; custom_padding=&#8221;|||&#8221; global_colors_info=&#8221;{}&#8221; custom_padding__hover=&#8221;|||&#8221;][et_pb_text admin_label=&#8221;Title&#8221; _builder_version=&#8221;4.24.2&#8243; text_font=&#8221;Palanquin Dark|700|||||||&#8221; text_text_color=&#8221;#FFFFFF&#8221; text_font_size=&#8221;24px&#8221; text_line_height=&#8221;1.6em&#8221; link_font=&#8221;||||on|||#f46624|&#8221; link_text_color=&#8221;#333333&#8243; header_font=&#8221;Syne|700|||||||&#8221; header_text_color=&#8221;#FFFFFF&#8221; header_font_size=&#8221;115px&#8221; header_2_font=&#8221;Work Sans|900|||||||&#8221; header_2_text_align=&#8221;left&#8221; header_2_text_color=&#8221;#FFFFFF&#8221; header_2_font_size=&#8221;4vw&#8221; header_6_font=&#8221;Palanquin Dark|500|||||||&#8221; header_6_text_align=&#8221;left&#8221; header_6_text_color=&#8221;#FFFFFF&#8221; header_6_font_size=&#8221;26px&#8221; header_6_line_height=&#8221;1.7em&#8221; module_alignment=&#8221;left&#8221; custom_margin=&#8221;||40px|&#8221; custom_padding=&#8221;|||0px|false|false&#8221; animation_style=&#8221;slide&#8221; animation_direction=&#8221;bottom&#8221; animation_duration=&#8221;750ms&#8221; animation_intensity_slide=&#8221;20%&#8221; animation_starting_opacity=&#8221;30%&#8221; hover_transition_speed_curve=&#8221;ease-in&#8221; header_font_size_tablet=&#8221;80px&#8221; header_font_size_phone=&#8221;60px&#8221; header_font_size_last_edited=&#8221;on|phone&#8221; header_2_font_size_tablet=&#8221;3vw&#8221; header_2_font_size_phone=&#8221;7vw&#8221; header_2_font_size_last_edited=&#8221;on|desktop&#8221; header_6_line_height_tablet=&#8221;1.7em&#8221; header_6_line_height_phone=&#8221;1em&#8221; header_6_line_height_last_edited=&#8221;on|phone&#8221; global_colors_info=&#8221;{}&#8221;]<\/p>\n<h1 class=\"et_pb_slide_title\">Login OF logowanie<\/h1>\n<p>[\/et_pb_text][et_pb_text admin_label=&#8221;Title&#8221; _builder_version=&#8221;4.24.2&#8243; text_font=&#8221;Rubik|300|||||||&#8221; text_text_color=&#8221;#FFFFFF&#8221; text_font_size=&#8221;20px&#8221; text_line_height=&#8221;1.6em&#8221; link_font=&#8221;||||on|||#f46624|&#8221; link_text_color=&#8221;#333333&#8243; header_font=&#8221;||||||||&#8221; header_2_font=&#8221;Montserrat|600||on|||||&#8221; header_2_text_align=&#8221;center&#8221; header_2_font_size=&#8221;30px&#8221; text_orientation=&#8221;justified&#8221; module_alignment=&#8221;left&#8221; custom_margin=&#8221;||0px||false|false&#8221; animation_direction=&#8221;top&#8221; text_font_size_tablet=&#8221;20px&#8221; text_font_size_phone=&#8221;18px&#8221; text_font_size_last_edited=&#8221;on|phone&#8221; global_colors_info=&#8221;{}&#8221;]<\/p>\n<p>Dokonaj wyboru, b\u0105d\u017a pracodawc\u0105 lub pracownikiem i uzyskaj natychmiastowy dost\u0119p do wszystkich istotnych dla Ciebie informacji!<\/p>\n<p>[\/et_pb_text][\/et_pb_column][et_pb_column type=&#8221;1_2&#8243; _builder_version=&#8221;4.16&#8243; custom_padding=&#8221;|||&#8221; global_colors_info=&#8221;{}&#8221; custom_padding__hover=&#8221;|||&#8221;][\/et_pb_column][\/et_pb_row][et_pb_row column_structure=&#8221;1_2,1_2&#8243; _builder_version=&#8221;4.24.2&#8243; _module_preset=&#8221;default&#8221; background_color=&#8221;#FFFFFF&#8221; max_width=&#8221;1200px&#8221; custom_margin=&#8221;||-200px||false|false&#8221; custom_padding=&#8221;|25px||25px|false|true&#8221; border_radii=&#8221;on|15px|15px|15px|15px&#8221; box_shadow_style=&#8221;preset3&#8243; box_shadow_vertical=&#8221;10px&#8221; box_shadow_blur=&#8221;10px&#8221; global_colors_info=&#8221;{}&#8221;][et_pb_column type=&#8221;1_2&#8243; _builder_version=&#8221;4.17.4&#8243; _module_preset=&#8221;default&#8221; global_colors_info=&#8221;{}&#8221;][et_pb_text admin_label=&#8221;Title&#8221; _builder_version=&#8221;4.24.2&#8243; text_font=&#8221;Rubik|300|||||||&#8221; text_text_color=&#8221;#162C51&#8243; text_font_size=&#8221;20px&#8221; text_line_height=&#8221;1.6em&#8221; link_font=&#8221;||||on|||#f46624|&#8221; link_text_color=&#8221;#333333&#8243; header_font=&#8221;||||||||&#8221; header_2_font=&#8221;Montserrat|600||on|||||&#8221; header_2_text_align=&#8221;center&#8221; header_2_font_size=&#8221;30px&#8221; header_3_font=&#8221;Syne|700|||||||&#8221; header_3_text_color=&#8221;#009798&#8243; header_3_font_size=&#8221;32px&#8221; text_orientation=&#8221;justified&#8221; module_alignment=&#8221;left&#8221; custom_margin=&#8221;25px||25px||true|false&#8221; animation_direction=&#8221;top&#8221; text_font_size_tablet=&#8221;20px&#8221; text_font_size_phone=&#8221;18px&#8221; text_font_size_last_edited=&#8221;on|phone&#8221; global_colors_info=&#8221;{}&#8221;]<\/p>\n<h3>Portal pracodawcy<\/h3>\n<p>Masz dost\u0119p do:<\/p>\n<ul>\n<li>Wprowadzania godzin<\/li>\n<li>Zlecania zada\u0144<\/li>\n<li>Przegl\u0105dania faktur<\/li>\n<li>Przegl\u0105dania i edytowania danych<\/li>\n<li>Rejestracji kandydat\u00f3w<\/li>\n<\/ul>\n<p>[\/et_pb_text][et_pb_button button_url=&#8221;https:\/\/eu-roots.easyflex2go.nl\/login&#8221; button_text=&#8221;Login OF logowanie&#8221; button_alignment=&#8221;left&#8221; disabled_on=&#8221;off|off|off&#8221; admin_label=&#8221;Desktop CTA Button&#8221; _builder_version=&#8221;4.24.2&#8243; custom_button=&#8221;on&#8221; button_text_size=&#8221;18px&#8221; button_text_color=&#8221;#ffffff&#8221; button_bg_use_color_gradient=&#8221;on&#8221; button_bg_color_gradient_direction=&#8221;45deg&#8221; button_bg_color_gradient_stops=&#8221;#009798 17%|#009798 75%|#162c51 100%&#8221; button_border_width=&#8221;0px&#8221; button_border_radius=&#8221;15px&#8221; button_letter_spacing=&#8221;0px&#8221; button_font=&#8221;Syne|700|||||||&#8221; button_use_icon=&#8221;off&#8221; custom_margin=&#8221;|0px|0px|0px|false|false&#8221; custom_padding=&#8221;10px|32px|10px|32px|true|true&#8221; hover_enabled=&#8221;0&#8243; locked=&#8221;off&#8221; global_colors_info=&#8221;{}&#8221; button_text_size__hover_enabled=&#8221;off&#8221; button_one_text_size__hover_enabled=&#8221;off&#8221; button_two_text_size__hover_enabled=&#8221;off&#8221; button_text_color__hover_enabled=&#8221;off&#8221; button_one_text_color__hover_enabled=&#8221;off&#8221; button_two_text_color__hover_enabled=&#8221;off&#8221; button_border_width__hover_enabled=&#8221;off&#8221; button_one_border_width__hover_enabled=&#8221;off&#8221; button_two_border_width__hover_enabled=&#8221;off&#8221; button_border_color__hover_enabled=&#8221;off&#8221; button_one_border_color__hover_enabled=&#8221;off&#8221; button_two_border_color__hover_enabled=&#8221;off&#8221; button_border_radius__hover_enabled=&#8221;off&#8221; button_one_border_radius__hover_enabled=&#8221;off&#8221; button_two_border_radius__hover_enabled=&#8221;off&#8221; button_letter_spacing__hover_enabled=&#8221;off&#8221; button_one_letter_spacing__hover_enabled=&#8221;off&#8221; button_two_letter_spacing__hover_enabled=&#8221;off&#8221; button_bg_color__hover_enabled=&#8221;on|hover&#8221; button_one_bg_color__hover_enabled=&#8221;off&#8221; button_two_bg_color__hover_enabled=&#8221;off&#8221; button_bg_color_gradient_stops__hover=&#8221;#009798 0%|#009798 50%|#009798 85%&#8221; button_bg_use_color_gradient__hover=&#8221;on&#8221; sticky_enabled=&#8221;0&#8243;][\/et_pb_button][\/et_pb_column][et_pb_column type=&#8221;1_2&#8243; _builder_version=&#8221;4.17.4&#8243; _module_preset=&#8221;default&#8221; global_colors_info=&#8221;{}&#8221;][et_pb_text admin_label=&#8221;Title&#8221; _builder_version=&#8221;4.24.2&#8243; text_font=&#8221;Rubik|300|||||||&#8221; text_text_color=&#8221;#162C51&#8243; text_font_size=&#8221;20px&#8221; text_line_height=&#8221;1.6em&#8221; link_font=&#8221;||||on|||#f46624|&#8221; link_text_color=&#8221;#333333&#8243; header_font=&#8221;||||||||&#8221; header_2_font=&#8221;Montserrat|600||on|||||&#8221; header_2_text_align=&#8221;center&#8221; header_2_font_size=&#8221;30px&#8221; header_3_font=&#8221;Syne|700|||||||&#8221; header_3_text_color=&#8221;#162C51&#8243; header_3_font_size=&#8221;32px&#8221; text_orientation=&#8221;justified&#8221; module_alignment=&#8221;left&#8221; custom_margin=&#8221;25px||25px||true|false&#8221; animation_direction=&#8221;top&#8221; text_font_size_tablet=&#8221;20px&#8221; text_font_size_phone=&#8221;18px&#8221; text_font_size_last_edited=&#8221;on|phone&#8221; global_colors_info=&#8221;{}&#8221;]<\/p>\n<h3>Pracowniczy portal<\/h3>\n<p>Masz dost\u0119p do:<\/p>\n<ul>\n<li>Danych osobowych<\/li>\n<li>Odcink\u00f3w wyp\u0142aty<\/li>\n<li>Za\u015bwiadcze\u0144 rocznych<\/li>\n<li>Przegl\u0105du godzin<\/li>\n<li>Modu\u0142\u00f3w szkoleniowych i edukacyjnych<\/li>\n<\/ul>\n<p>[\/et_pb_text][et_pb_button button_url=&#8221;https:\/\/eu-roots.easyflex2go.nl\/login&#8221; button_text=&#8221;Login OF logowanie&#8221; button_alignment=&#8221;left&#8221; disabled_on=&#8221;off|off|off&#8221; admin_label=&#8221;Desktop CTA Button&#8221; _builder_version=&#8221;4.24.2&#8243; custom_button=&#8221;on&#8221; button_text_size=&#8221;18px&#8221; button_text_color=&#8221;#ffffff&#8221; button_bg_use_color_gradient=&#8221;on&#8221; button_bg_color_gradient_direction=&#8221;45deg&#8221; button_bg_color_gradient_stops=&#8221;#162c51 17%|#009798 98%&#8221; button_border_width=&#8221;0px&#8221; button_border_radius=&#8221;15px&#8221; button_letter_spacing=&#8221;0px&#8221; button_font=&#8221;Syne|700|||||||&#8221; button_use_icon=&#8221;off&#8221; custom_margin=&#8221;|0px|0px|0px|false|false&#8221; custom_padding=&#8221;10px|32px|10px|32px|true|true&#8221; hover_enabled=&#8221;0&#8243; locked=&#8221;off&#8221; global_colors_info=&#8221;{}&#8221; button_text_size__hover_enabled=&#8221;off&#8221; button_one_text_size__hover_enabled=&#8221;off&#8221; button_two_text_size__hover_enabled=&#8221;off&#8221; button_text_color__hover_enabled=&#8221;off&#8221; button_one_text_color__hover_enabled=&#8221;off&#8221; button_two_text_color__hover_enabled=&#8221;off&#8221; button_border_width__hover_enabled=&#8221;off&#8221; button_one_border_width__hover_enabled=&#8221;off&#8221; button_two_border_width__hover_enabled=&#8221;off&#8221; button_border_color__hover_enabled=&#8221;off&#8221; button_one_border_color__hover_enabled=&#8221;off&#8221; button_two_border_color__hover_enabled=&#8221;off&#8221; button_border_radius__hover_enabled=&#8221;off&#8221; button_one_border_radius__hover_enabled=&#8221;off&#8221; button_two_border_radius__hover_enabled=&#8221;off&#8221; button_letter_spacing__hover_enabled=&#8221;off&#8221; button_one_letter_spacing__hover_enabled=&#8221;off&#8221; button_two_letter_spacing__hover_enabled=&#8221;off&#8221; button_bg_color__hover_enabled=&#8221;on|hover&#8221; button_one_bg_color__hover_enabled=&#8221;off&#8221; button_two_bg_color__hover_enabled=&#8221;off&#8221; button_bg_color_gradient_stops__hover=&#8221;#162c51 0%|#162c51 49%|#162c51 84%&#8221; button_bg_use_color_gradient__hover=&#8221;on&#8221; sticky_enabled=&#8221;0&#8243;][\/et_pb_button][\/et_pb_column][\/et_pb_row][\/et_pb_section][et_pb_section fb_built=&#8221;1&#8243; admin_label=&#8221;Testimonial Section&#8221; _builder_version=&#8221;4.17.4&#8243; background_color=&#8221;RGBA(255,255,255,0)&#8221; custom_padding=&#8221;0px||29px|||&#8221; global_colors_info=&#8221;{}&#8221;][et_pb_row _builder_version=&#8221;4.17.4&#8243; _module_preset=&#8221;default&#8221; max_width=&#8221;1200px&#8221; global_colors_info=&#8221;{}&#8221;][et_pb_column type=&#8221;4_4&#8243; _builder_version=&#8221;4.17.4&#8243; _module_preset=&#8221;default&#8221; global_colors_info=&#8221;{}&#8221;][dmpro_carousel space_between=&#8221;50&#8243; loop=&#8221;on&#8221; autoplay=&#8221;on&#8221; pause_on_hover=&#8221;off&#8221; centered=&#8221;on&#8221; columns_tablet=&#8221;3&#8243; columns_phone=&#8221;1&#8243; columns_last_edited=&#8221;on|phone&#8221; _builder_version=&#8221;4.24.2&#8243; _module_preset=&#8221;default&#8221; global_colors_info=&#8221;{}&#8221;][dmpro_carousel_child title=&#8221;DRI&#8221; img_src=&#8221;https:\/\/dev.eu-roots.nl\/wp-content\/uploads\/2024\/09\/EU-ROOTS-PARTNERS-DRI-RUBBER.png&#8221; img_alt=&#8221;DRI-RUBBER&#8221; _builder_version=&#8221;4.24.2&#8243; _module_preset=&#8221;default&#8221; global_colors_info=&#8221;{}&#8221;][\/dmpro_carousel_child][dmpro_carousel_child title=&#8221;Xenos&#8221; img_src=&#8221;https:\/\/dev.eu-roots.nl\/wp-content\/uploads\/2024\/09\/EU-ROOTS-PARTNERS-XENOS.png&#8221; img_alt=&#8221;Xenos&#8221; _builder_version=&#8221;4.24.2&#8243; _module_preset=&#8221;default&#8221; global_colors_info=&#8221;{}&#8221;][\/dmpro_carousel_child][dmpro_carousel_child title=&#8221;ID&#8221; img_src=&#8221;https:\/\/dev.eu-roots.nl\/wp-content\/uploads\/2024\/09\/EU-ROOTS-PARTNERS-ID-LOGISTICS.png&#8221; img_alt=&#8221;ID Logistics&#8221; _builder_version=&#8221;4.24.2&#8243; _module_preset=&#8221;default&#8221; global_colors_info=&#8221;{}&#8221;][\/dmpro_carousel_child][dmpro_carousel_child title=&#8221;Passa&#8221; img_src=&#8221;https:\/\/dev.eu-roots.nl\/wp-content\/uploads\/2024\/09\/EU-ROOTS-PARTNERS-PASSA-SPORTS.png&#8221; img_alt=&#8221;Passa Sports&#8221; _builder_version=&#8221;4.24.2&#8243; _module_preset=&#8221;default&#8221; global_colors_info=&#8221;{}&#8221;][\/dmpro_carousel_child][dmpro_carousel_child title=&#8221;Toekomst schoonmaak&#8221; img_src=&#8221;https:\/\/dev.eu-roots.nl\/wp-content\/uploads\/2024\/09\/EU-ROOTS-PARTNERS-TOEKOMST-SCHOONMAAKBEDRIJVEN.png&#8221; img_alt=&#8221;Toekomst schoonmaak&#8221; _builder_version=&#8221;4.24.2&#8243; _module_preset=&#8221;default&#8221; global_colors_info=&#8221;{}&#8221;][\/dmpro_carousel_child][dmpro_carousel_child title=&#8221;Spar&#8221; img_src=&#8221;https:\/\/dev.eu-roots.nl\/wp-content\/uploads\/2024\/09\/EU-ROOTS-PARTNERS-spar.png&#8221; img_alt=&#8221;Spar&#8221; _builder_version=&#8221;4.24.2&#8243; _module_preset=&#8221;default&#8221; global_colors_info=&#8221;{}&#8221;][\/dmpro_carousel_child][dmpro_carousel_child title=&#8221;Royal &#8221; img_src=&#8221;https:\/\/dev.eu-roots.nl\/wp-content\/uploads\/2024\/09\/EU-ROOTS-PARTNERS-ROYL-SANDERS.png&#8221; img_alt=&#8221;Royal&#8221; _builder_version=&#8221;4.24.2&#8243; _module_preset=&#8221;default&#8221; global_colors_info=&#8221;{}&#8221;][\/dmpro_carousel_child][dmpro_carousel_child title=&#8221;HC&#8221; img_src=&#8221;https:\/\/dev.eu-roots.nl\/wp-content\/uploads\/2024\/09\/EU-ROOTS-PARTNERSHC-KP.png&#8221; img_alt=&#8221;HC KP&#8221; _builder_version=&#8221;4.24.2&#8243; _module_preset=&#8221;default&#8221; global_colors_info=&#8221;{}&#8221;][\/dmpro_carousel_child][\/dmpro_carousel][\/et_pb_column][\/et_pb_row][\/et_pb_section]<\/p>\n","protected":false},"excerpt":{"rendered":"<p>Login OF logowanieDokonaj wyboru, b\u0105d\u017a pracodawc\u0105 lub pracownikiem i uzyskaj natychmiastowy dost\u0119p do wszystkich istotnych dla Ciebie informacji!Portal pracodawcy Masz dost\u0119p do: Wprowadzania godzin Zlecania zada\u0144 Przegl\u0105dania faktur Przegl\u0105dania i edytowania danych Rejestracji kandydat\u00f3w Pracowniczy portal Masz dost\u0119p do: Danych osobowych Odcink\u00f3w wyp\u0142aty Za\u015bwiadcze\u0144 rocznych Przegl\u0105du godzin Modu\u0142\u00f3w szkoleniowych i edukacyjnych <div class=\"et_pb_module dmpro_carousel dmpro_carousel_0\">\n\t\t\t\t\n\t\t\t\t\n\t\t\t\t\n\t\t\t\t\n\t\t\t\t\n\t\t\t\t\n\t\t\t\t<div class=\"et_pb_module_inner\">\n\t\t\t\t\t\n            <div class=\"dmpro-carousel-main\" data-columnsdesktop='4' data-columnstablet='2' data-columnsphone='1' data-spacebetween='&#8221;50&#8243;' data-spacebetween_tablet='&#8221;50&#8243;' data-spacebetween_phone='&#8221;50&#8243;' data-loop='&#8221;on&#8221;' data-speed='500' data-navigation='off' data-pagination='off' data-autoplay='&#8221;on&#8221;' data-autoplayspeed='5000' data-pauseonhover='on' data-effect='slide' data-rotate='50' data-dynamicbullets='on' data-ordernumber='0' data-centered='off' data-shadow='true'>\n                <div class=\"swiper swiper-dmpro-container\">\n                    <div class=\"swiper-wrapper dmpro-carousel-wrapper\">\n                        \n                    <\/div>\n                <\/div>\n                \n                \n            <\/div>\n\t\t\t\t<\/div>\n\t\t\t<\/div><\/p>\n","protected":false},"author":1,"featured_media":0,"parent":0,"menu_order":0,"comment_status":"closed","ping_status":"closed","template":"","meta":{"_et_pb_use_builder":"on","_et_pb_old_content":"","_et_gb_content_width":"","footnotes":""},"class_list":["post-800665","page","type-page","status-publish","hentry"],"yoast_head":"<!-- This site is optimized with the Yoast SEO plugin v25.1 - https:\/\/yoast.com\/wordpress\/plugins\/seo\/ -->\n<title>Login OF logowanie - EU-Roots<\/title>\n<meta name=\"robots\" content=\"index, follow, max-snippet:-1, max-image-preview:large, max-video-preview:-1\" \/>\n<link rel=\"canonical\" href=\"https:\/\/dev.eu-roots.nl\/pl\/login-of-logowanie\/\" \/>\n<meta property=\"og:locale\" content=\"pl_PL\" \/>\n<meta property=\"og:type\" content=\"article\" \/>\n<meta property=\"og:title\" content=\"Login OF logowanie - EU-Roots\" \/>\n<meta property=\"og:description\" content=\"Login OF logowanieDokonaj wyboru, b\u0105d\u017a pracodawc\u0105 lub pracownikiem i uzyskaj natychmiastowy dost\u0119p do wszystkich istotnych dla Ciebie informacji!Portal pracodawcy Masz dost\u0119p do: Wprowadzania godzin Zlecania zada\u0144 Przegl\u0105dania faktur Przegl\u0105dania i edytowania danych Rejestracji kandydat\u00f3w Pracowniczy portal Masz dost\u0119p do: Danych osobowych Odcink\u00f3w wyp\u0142aty Za\u015bwiadcze\u0144 rocznych Przegl\u0105du godzin Modu\u0142\u00f3w szkoleniowych i edukacyjnych\" \/>\n<meta property=\"og:url\" content=\"https:\/\/dev.eu-roots.nl\/pl\/login-of-logowanie\/\" \/>\n<meta property=\"og:site_name\" content=\"EU-Roots\" \/>\n<meta property=\"article:modified_time\" content=\"2024-11-01T10:42:16+00:00\" \/>\n<meta name=\"twitter:card\" content=\"summary_large_image\" \/>\n<meta name=\"twitter:label1\" content=\"Szacowany czas czytania\" \/>\n\t<meta name=\"twitter:data1\" content=\"8 minut\" \/>\n<script type=\"application\/ld+json\" class=\"yoast-schema-graph\">{\"@context\":\"https:\/\/schema.org\",\"@graph\":[{\"@type\":\"WebPage\",\"@id\":\"https:\/\/dev.eu-roots.nl\/pl\/login-of-logowanie\/\",\"url\":\"https:\/\/dev.eu-roots.nl\/pl\/login-of-logowanie\/\",\"name\":\"Login OF logowanie - EU-Roots\",\"isPartOf\":{\"@id\":\"https:\/\/dev.eu-roots.nl\/pl\/#website\"},\"datePublished\":\"2024-09-26T11:25:24+00:00\",\"dateModified\":\"2024-11-01T10:42:16+00:00\",\"breadcrumb\":{\"@id\":\"https:\/\/dev.eu-roots.nl\/pl\/login-of-logowanie\/#breadcrumb\"},\"inLanguage\":\"pl-PL\",\"potentialAction\":[{\"@type\":\"ReadAction\",\"target\":[\"https:\/\/dev.eu-roots.nl\/pl\/login-of-logowanie\/\"]}]},{\"@type\":\"BreadcrumbList\",\"@id\":\"https:\/\/dev.eu-roots.nl\/pl\/login-of-logowanie\/#breadcrumb\",\"itemListElement\":[{\"@type\":\"ListItem\",\"position\":1,\"name\":\"Home\",\"item\":\"https:\/\/dev.eu-roots.nl\/pl\/\"},{\"@type\":\"ListItem\",\"position\":2,\"name\":\"Login OF logowanie\"}]},{\"@type\":\"WebSite\",\"@id\":\"https:\/\/dev.eu-roots.nl\/pl\/#website\",\"url\":\"https:\/\/dev.eu-roots.nl\/pl\/\",\"name\":\"EU-Roots\",\"description\":\"Uw partner voor flexibele krachten\",\"potentialAction\":[{\"@type\":\"SearchAction\",\"target\":{\"@type\":\"EntryPoint\",\"urlTemplate\":\"https:\/\/dev.eu-roots.nl\/pl\/?s={search_term_string}\"},\"query-input\":{\"@type\":\"PropertyValueSpecification\",\"valueRequired\":true,\"valueName\":\"search_term_string\"}}],\"inLanguage\":\"pl-PL\"}]}<\/script>\n<!-- \/ Yoast SEO plugin. -->","yoast_head_json":{"title":"Login OF logowanie - EU-Roots","robots":{"index":"index","follow":"follow","max-snippet":"max-snippet:-1","max-image-preview":"max-image-preview:large","max-video-preview":"max-video-preview:-1"},"canonical":"https:\/\/dev.eu-roots.nl\/pl\/login-of-logowanie\/","og_locale":"pl_PL","og_type":"article","og_title":"Login OF logowanie - EU-Roots","og_description":"Login OF logowanieDokonaj wyboru, b\u0105d\u017a pracodawc\u0105 lub pracownikiem i uzyskaj natychmiastowy dost\u0119p do wszystkich istotnych dla Ciebie informacji!Portal pracodawcy Masz dost\u0119p do: Wprowadzania godzin Zlecania zada\u0144 Przegl\u0105dania faktur Przegl\u0105dania i edytowania danych Rejestracji kandydat\u00f3w Pracowniczy portal Masz dost\u0119p do: Danych osobowych Odcink\u00f3w wyp\u0142aty Za\u015bwiadcze\u0144 rocznych Przegl\u0105du godzin Modu\u0142\u00f3w szkoleniowych i edukacyjnych","og_url":"https:\/\/dev.eu-roots.nl\/pl\/login-of-logowanie\/","og_site_name":"EU-Roots","article_modified_time":"2024-11-01T10:42:16+00:00","twitter_card":"summary_large_image","twitter_misc":{"Szacowany czas czytania":"8 minut"},"schema":{"@context":"https:\/\/schema.org","@graph":[{"@type":"WebPage","@id":"https:\/\/dev.eu-roots.nl\/pl\/login-of-logowanie\/","url":"https:\/\/dev.eu-roots.nl\/pl\/login-of-logowanie\/","name":"Login OF logowanie - EU-Roots","isPartOf":{"@id":"https:\/\/dev.eu-roots.nl\/pl\/#website"},"datePublished":"2024-09-26T11:25:24+00:00","dateModified":"2024-11-01T10:42:16+00:00","breadcrumb":{"@id":"https:\/\/dev.eu-roots.nl\/pl\/login-of-logowanie\/#breadcrumb"},"inLanguage":"pl-PL","potentialAction":[{"@type":"ReadAction","target":["https:\/\/dev.eu-roots.nl\/pl\/login-of-logowanie\/"]}]},{"@type":"BreadcrumbList","@id":"https:\/\/dev.eu-roots.nl\/pl\/login-of-logowanie\/#breadcrumb","itemListElement":[{"@type":"ListItem","position":1,"name":"Home","item":"https:\/\/dev.eu-roots.nl\/pl\/"},{"@type":"ListItem","position":2,"name":"Login OF logowanie"}]},{"@type":"WebSite","@id":"https:\/\/dev.eu-roots.nl\/pl\/#website","url":"https:\/\/dev.eu-roots.nl\/pl\/","name":"EU-Roots","description":"Uw partner voor flexibele krachten","potentialAction":[{"@type":"SearchAction","target":{"@type":"EntryPoint","urlTemplate":"https:\/\/dev.eu-roots.nl\/pl\/?s={search_term_string}"},"query-input":{"@type":"PropertyValueSpecification","valueRequired":true,"valueName":"search_term_string"}}],"inLanguage":"pl-PL"}]}},"_links":{"self":[{"href":"https:\/\/dev.eu-roots.nl\/pl\/wp-json\/wp\/v2\/pages\/800665","targetHints":{"allow":["GET"]}}],"collection":[{"href":"https:\/\/dev.eu-roots.nl\/pl\/wp-json\/wp\/v2\/pages"}],"about":[{"href":"https:\/\/dev.eu-roots.nl\/pl\/wp-json\/wp\/v2\/types\/page"}],"author":[{"embeddable":true,"href":"https:\/\/dev.eu-roots.nl\/pl\/wp-json\/wp\/v2\/users\/1"}],"replies":[{"embeddable":true,"href":"https:\/\/dev.eu-roots.nl\/pl\/wp-json\/wp\/v2\/comments?post=800665"}],"version-history":[{"count":2,"href":"https:\/\/dev.eu-roots.nl\/pl\/wp-json\/wp\/v2\/pages\/800665\/revisions"}],"predecessor-version":[{"id":800667,"href":"https:\/\/dev.eu-roots.nl\/pl\/wp-json\/wp\/v2\/pages\/800665\/revisions\/800667"}],"wp:attachment":[{"href":"https:\/\/dev.eu-roots.nl\/pl\/wp-json\/wp\/v2\/media?parent=800665"}],"curies":[{"name":"wp","href":"https:\/\/api.w.org\/{rel}","templated":true}]}}