{"id":800664,"date":"2024-03-18T21:45:45","date_gmt":"2024-03-18T21:45:45","guid":{"rendered":"https:\/\/dev.eu-roots.nl\/szukam-pracy\/wakaty-na-galaz\/"},"modified":"2024-03-18T21:45:45","modified_gmt":"2024-03-18T21:45:45","slug":"wakaty-na-galaz","status":"publish","type":"page","link":"https:\/\/dev.eu-roots.nl\/pl\/szukam-pracy\/wakaty-na-galaz\/","title":{"rendered":"Wakaty na ga\u0142\u0105\u017a"},"content":{"rendered":"","protected":false},"excerpt":{"rendered":"","protected":false},"author":1,"featured_media":0,"parent":800661,"menu_order":0,"comment_status":"closed","ping_status":"closed","template":"","meta":{"_et_pb_use_builder":"","_et_pb_old_content":"","_et_gb_content_width":"","footnotes":""},"class_list":["post-800664","page","type-page","status-publish","hentry"],"yoast_head":"<!-- This site is optimized with the Yoast SEO plugin v25.1 - https:\/\/yoast.com\/wordpress\/plugins\/seo\/ -->\n<title>Wakaty na ga\u0142\u0105\u017a - EU-Roots<\/title>\n<meta name=\"robots\" content=\"index, follow, max-snippet:-1, max-image-preview:large, max-video-preview:-1\" \/>\n<link rel=\"canonical\" href=\"https:\/\/dev.eu-roots.nl\/pl\/szukam-pracy\/wakaty-na-galaz\/\" \/>\n<meta property=\"og:locale\" content=\"pl_PL\" \/>\n<meta property=\"og:type\" content=\"article\" \/>\n<meta property=\"og:title\" content=\"Wakaty na ga\u0142\u0105\u017a - EU-Roots\" \/>\n<meta property=\"og:url\" content=\"https:\/\/dev.eu-roots.nl\/pl\/szukam-pracy\/wakaty-na-galaz\/\" \/>\n<meta property=\"og:site_name\" content=\"EU-Roots\" \/>\n<meta name=\"twitter:card\" content=\"summary_large_image\" \/>\n<script type=\"application\/ld+json\" class=\"yoast-schema-graph\">{\"@context\":\"https:\/\/schema.org\",\"@graph\":[{\"@type\":\"WebPage\",\"@id\":\"https:\/\/dev.eu-roots.nl\/pl\/szukam-pracy\/wakaty-na-galaz\/\",\"url\":\"https:\/\/dev.eu-roots.nl\/pl\/szukam-pracy\/wakaty-na-galaz\/\",\"name\":\"Wakaty na ga\u0142\u0105\u017a - EU-Roots\",\"isPartOf\":{\"@id\":\"https:\/\/dev.eu-roots.nl\/pl\/#website\"},\"datePublished\":\"2024-03-18T21:45:45+00:00\",\"breadcrumb\":{\"@id\":\"https:\/\/dev.eu-roots.nl\/pl\/szukam-pracy\/wakaty-na-galaz\/#breadcrumb\"},\"inLanguage\":\"pl-PL\",\"potentialAction\":[{\"@type\":\"ReadAction\",\"target\":[\"https:\/\/dev.eu-roots.nl\/pl\/szukam-pracy\/wakaty-na-galaz\/\"]}]},{\"@type\":\"BreadcrumbList\",\"@id\":\"https:\/\/dev.eu-roots.nl\/pl\/szukam-pracy\/wakaty-na-galaz\/#breadcrumb\",\"itemListElement\":[{\"@type\":\"ListItem\",\"position\":1,\"name\":\"Home\",\"item\":\"https:\/\/dev.eu-roots.nl\/pl\/\"},{\"@type\":\"ListItem\",\"position\":2,\"name\":\"Szukam pracy\",\"item\":\"https:\/\/dev.eu-roots.nl\/pl\/vacatures\/\"},{\"@type\":\"ListItem\",\"position\":3,\"name\":\"Wakaty na ga\u0142\u0105\u017a\"}]},{\"@type\":\"WebSite\",\"@id\":\"https:\/\/dev.eu-roots.nl\/pl\/#website\",\"url\":\"https:\/\/dev.eu-roots.nl\/pl\/\",\"name\":\"EU-Roots\",\"description\":\"Uw partner voor flexibele krachten\",\"potentialAction\":[{\"@type\":\"SearchAction\",\"target\":{\"@type\":\"EntryPoint\",\"urlTemplate\":\"https:\/\/dev.eu-roots.nl\/pl\/?s={search_term_string}\"},\"query-input\":{\"@type\":\"PropertyValueSpecification\",\"valueRequired\":true,\"valueName\":\"search_term_string\"}}],\"inLanguage\":\"pl-PL\"}]}<\/script>\n<!-- \/ Yoast SEO plugin. -->","yoast_head_json":{"title":"Wakaty na ga\u0142\u0105\u017a - EU-Roots","robots":{"index":"index","follow":"follow","max-snippet":"max-snippet:-1","max-image-preview":"max-image-preview:large","max-video-preview":"max-video-preview:-1"},"canonical":"https:\/\/dev.eu-roots.nl\/pl\/szukam-pracy\/wakaty-na-galaz\/","og_locale":"pl_PL","og_type":"article","og_title":"Wakaty na ga\u0142\u0105\u017a - EU-Roots","og_url":"https:\/\/dev.eu-roots.nl\/pl\/szukam-pracy\/wakaty-na-galaz\/","og_site_name":"EU-Roots","twitter_card":"summary_large_image","schema":{"@context":"https:\/\/schema.org","@graph":[{"@type":"WebPage","@id":"https:\/\/dev.eu-roots.nl\/pl\/szukam-pracy\/wakaty-na-galaz\/","url":"https:\/\/dev.eu-roots.nl\/pl\/szukam-pracy\/wakaty-na-galaz\/","name":"Wakaty na ga\u0142\u0105\u017a - EU-Roots","isPartOf":{"@id":"https:\/\/dev.eu-roots.nl\/pl\/#website"},"datePublished":"2024-03-18T21:45:45+00:00","breadcrumb":{"@id":"https:\/\/dev.eu-roots.nl\/pl\/szukam-pracy\/wakaty-na-galaz\/#breadcrumb"},"inLanguage":"pl-PL","potentialAction":[{"@type":"ReadAction","target":["https:\/\/dev.eu-roots.nl\/pl\/szukam-pracy\/wakaty-na-galaz\/"]}]},{"@type":"BreadcrumbList","@id":"https:\/\/dev.eu-roots.nl\/pl\/szukam-pracy\/wakaty-na-galaz\/#breadcrumb","itemListElement":[{"@type":"ListItem","position":1,"name":"Home","item":"https:\/\/dev.eu-roots.nl\/pl\/"},{"@type":"ListItem","position":2,"name":"Szukam pracy","item":"https:\/\/dev.eu-roots.nl\/pl\/vacatures\/"},{"@type":"ListItem","position":3,"name":"Wakaty na ga\u0142\u0105\u017a"}]},{"@type":"WebSite","@id":"https:\/\/dev.eu-roots.nl\/pl\/#website","url":"https:\/\/dev.eu-roots.nl\/pl\/","name":"EU-Roots","description":"Uw partner voor flexibele krachten","potentialAction":[{"@type":"SearchAction","target":{"@type":"EntryPoint","urlTemplate":"https:\/\/dev.eu-roots.nl\/pl\/?s={search_term_string}"},"query-input":{"@type":"PropertyValueSpecification","valueRequired":true,"valueName":"search_term_string"}}],"inLanguage":"pl-PL"}]}},"_links":{"self":[{"href":"https:\/\/dev.eu-roots.nl\/pl\/wp-json\/wp\/v2\/pages\/800664","targetHints":{"allow":["GET"]}}],"collection":[{"href":"https:\/\/dev.eu-roots.nl\/pl\/wp-json\/wp\/v2\/pages"}],"about":[{"href":"https:\/\/dev.eu-roots.nl\/pl\/wp-json\/wp\/v2\/types\/page"}],"author":[{"embeddable":true,"href":"https:\/\/dev.eu-roots.nl\/pl\/wp-json\/wp\/v2\/users\/1"}],"replies":[{"embeddable":true,"href":"https:\/\/dev.eu-roots.nl\/pl\/wp-json\/wp\/v2\/comments?post=800664"}],"version-history":[{"count":0,"href":"https:\/\/dev.eu-roots.nl\/pl\/wp-json\/wp\/v2\/pages\/800664\/revisions"}],"up":[{"embeddable":true,"href":"https:\/\/dev.eu-roots.nl\/pl\/wp-json\/wp\/v2\/pages\/800661"}],"wp:attachment":[{"href":"https:\/\/dev.eu-roots.nl\/pl\/wp-json\/wp\/v2\/media?parent=800664"}],"curies":[{"name":"wp","href":"https:\/\/api.w.org\/{rel}","templated":true}]}}